{"id":66,"date":"2016-09-13T22:44:02","date_gmt":"2016-09-13T20:44:02","guid":{"rendered":"http:\/\/www.atemundkoerper.com\/?page_id=66"},"modified":"2021-11-11T12:08:47","modified_gmt":"2021-11-11T11:08:47","slug":"der-gong","status":"publish","type":"page","link":"http:\/\/www.atemundkoerper.com\/?page_id=66","title":{"rendered":"Der Gong"},"content":{"rendered":"<p><span style=\"color: #1c6470;\"><img loading=\"lazy\" decoding=\"async\" class=\"alignright wp-image-446 size-full\" src=\"http:\/\/www.atemundkoerper.com\/wp-content\/uploads\/2018\/01\/gong-neu-2.jpg\" alt=\"Gong Meditation Klangtherapie\" width=\"343\" height=\"217\" srcset=\"http:\/\/www.atemundkoerper.com\/wp-content\/uploads\/2018\/01\/gong-neu-2.jpg 343w, http:\/\/www.atemundkoerper.com\/wp-content\/uploads\/2018\/01\/gong-neu-2-300x190.jpg 300w\" sizes=\"auto, (max-width: 343px) 100vw, 343px\" \/><\/span><span style=\"color: #283c40;\">Die Wissenschaft des Gongspiels wurde \u00fcber Tausende von Jahren zusammen mit Yoga, Meditation und Wei\u00dfem Tantra entwickelt. Urspr\u00fcnglich wurde der Gong als Hilfsmittel, um das Bewusstsein zu reinigen eingesetzt. Die Frequenz der Schallwellen erinnert unseren K\u00f6rper und Geist an seine urspr\u00fcngliche Schwingung, frei von \u00dcberzeugungen, Konditionierungen und erworbenen Emotionen. Durch den Klang wird das Wasser, aus dem der K\u00f6rper zu \u00fcber 80 % besteht, in Schwingung versetzt. Dies f\u00fchrt uns in eine tiefe Entspannung, Stille und Einssein mit Allem.<\/span><\/p>\n<p><span style=\"color: #800000;\"><strong>Information \u00fcber das n\u00e4chste K\u00f6rperbewu\u00dftseinstraining mit Gongmeditation unter:<\/strong><\/span><br \/>\n<span style=\"color: #800000;\"><strong>biancaenergy@yahoo.de\u00a0 +43 660 5537137<\/strong><\/span><\/p>\n","protected":false},"excerpt":{"rendered":"<p>Die Wissenschaft des Gongspiels wurde \u00fcber Tausende von Jahren zusammen mit Yoga, Meditation und Wei\u00dfem Tantra entwickelt. Urspr\u00fcnglich wurde der Gong als Hilfsmittel, um das Bewusstsein zu reinigen eingesetzt. Die Frequenz der Schallwellen erinnert unseren K\u00f6rper und Geist an seine urspr\u00fcngliche Schwingung, frei von \u00dcberzeugungen, Konditionierungen und erworbenen Emotionen. Durch den Klang wird das Wasser, &hellip; <\/p>\n<p class=\"link-more\"><a href=\"http:\/\/www.atemundkoerper.com\/?page_id=66\" class=\"more-link\"><span class=\"screen-reader-text\">\u201eDer Gong\u201c<\/span> weiterlesen<\/a><\/p>\n","protected":false},"author":1,"featured_media":0,"parent":0,"menu_order":0,"comment_status":"closed","ping_status":"closed","template":"showcase.php","meta":{"footnotes":""},"class_list":["post-66","page","type-page","status-publish","hentry"],"jetpack_sharing_enabled":true,"_links":{"self":[{"href":"http:\/\/www.atemundkoerper.com\/index.php?rest_route=\/wp\/v2\/pages\/66","targetHints":{"allow":["GET"]}}],"collection":[{"href":"http:\/\/www.atemundkoerper.com\/index.php?rest_route=\/wp\/v2\/pages"}],"about":[{"href":"http:\/\/www.atemundkoerper.com\/index.php?rest_route=\/wp\/v2\/types\/page"}],"author":[{"embeddable":true,"href":"http:\/\/www.atemundkoerper.com\/index.php?rest_route=\/wp\/v2\/users\/1"}],"replies":[{"embeddable":true,"href":"http:\/\/www.atemundkoerper.com\/index.php?rest_route=%2Fwp%2Fv2%2Fcomments&post=66"}],"version-history":[{"count":30,"href":"http:\/\/www.atemundkoerper.com\/index.php?rest_route=\/wp\/v2\/pages\/66\/revisions"}],"predecessor-version":[{"id":597,"href":"http:\/\/www.atemundkoerper.com\/index.php?rest_route=\/wp\/v2\/pages\/66\/revisions\/597"}],"wp:attachment":[{"href":"http:\/\/www.atemundkoerper.com\/index.php?rest_route=%2Fwp%2Fv2%2Fmedia&parent=66"}],"curies":[{"name":"wp","href":"https:\/\/api.w.org\/{rel}","templated":true}]}}