{"id":469,"date":"2018-03-16T11:59:04","date_gmt":"2018-03-16T10:59:04","guid":{"rendered":"http:\/\/www.atemundkoerper.com\/?page_id=469"},"modified":"2019-05-04T14:26:23","modified_gmt":"2019-05-04T12:26:23","slug":"holz","status":"publish","type":"page","link":"http:\/\/www.atemundkoerper.com\/?page_id=469","title":{"rendered":"Holz &#8211; Fr\u00fchling"},"content":{"rendered":"<div id=\"yiv1398477446yui_3_16_0_ym19_1_1520840311388_301402\" dir=\"ltr\"><span id=\"yiv1398477446yui_3_16_0_ym19_1_1520840311388_301403\" style=\"font-size: medium;\"><span id=\"yiv1398477446yui_3_16_0_ym19_1_1520840311388_301404\"><img loading=\"lazy\" decoding=\"async\" class=\"alignnone size-full wp-image-472\" src=\"http:\/\/www.atemundkoerper.com\/wp-content\/uploads\/2018\/03\/holz-mailgr.gif\" alt=\"\" width=\"500\" height=\"131\"> <\/span><\/span><\/div>\n<div dir=\"ltr\"><span id=\"yiv1398477446yui_3_16_0_ym19_1_1520840311388_301403\" style=\"font-size: medium;\"><span id=\"yiv1398477446yui_3_16_0_ym19_1_1520840311388_301404\">Endlich&#8230;&#8230;&#8230;.der Fr\u00fchling h\u00e4lt Einzug und alles beginnt zu sprie\u00dfen. <br id=\"yiv1398477446yui_3_16_0_ym19_1_1520840311388_301405\"><\/span><\/span><\/div>\n<div id=\"yiv1398477446yui_3_16_0_ym19_1_1520840311388_301406\" dir=\"ltr\"><span id=\"yiv1398477446yui_3_16_0_ym19_1_1520840311388_301407\" style=\"font-size: small;\"><span id=\"yiv1398477446yui_3_16_0_ym19_1_1520840311388_301408\"><span id=\"yiv1398477446yui_3_16_0_ym19_1_1520840311388_301409\" style=\"font-size: medium;\">Diese aufstrebende Energie des kleinen Yang findet im K\u00f6rper in der <b id=\"yiv1398477446yui_3_16_0_ym19_1_1520840311388_301410\">Leber und in der Gallenblase <\/b>ihre gr\u00f6\u00dfte Verdichtung. Sie braucht <b id=\"yiv1398477446yui_3_16_0_ym19_1_1520840311388_301411\">Raum, Bewegung und kreativen Ausdruck<\/b>. Die Holzphase initiiert einen neuen Lebenszyklus und steht f\u00fcr den<b id=\"yiv1398477446yui_3_16_0_ym19_1_1520840311388_301412\"> Neubeginn<\/b>. Das <b id=\"yiv1398477446yui_3_16_0_ym19_1_1520840311388_301413\">Potential <\/b>des Lebens beginnt sich zu entfalten, alles gr\u00fcnt und w\u00e4chst. Durch Erziehung, Schulsystem und Gesellschaftsformen hat diese Energie in uns oft nicht genug Freiraum. Spielerische Aggression wird oft im Kleinkindalter schon unterdr\u00fcckt. Es kommt zu Stagnation und Desinteresse. Bis zu psychischen und k\u00f6rperlichen Folgen, wie Resignation, Frust, leberschw\u00e4chende S\u00fcchte, innerer und \u00e4u\u00dferer Wind, Autoaggressionserkrankungen, Leber und Gallenblasenbeschwerden etc. <\/span><\/span><\/span><\/div>\n<div id=\"yiv1398477446yui_3_16_0_ym19_1_1520840311388_301416\" dir=\"ltr\"><span id=\"yiv1398477446yui_3_16_0_ym19_1_1520840311388_301417\"><b id=\"yiv1398477446yui_3_16_0_ym19_1_1520840311388_301418\"><span id=\"yiv1398477446yui_3_16_0_ym19_1_1520840311388_301419\" style=\"color: #5b8828;\">&nbsp;<\/span><\/b><\/span><\/div>\n<div dir=\"ltr\"><span id=\"yiv1398477446yui_3_16_0_ym19_1_1520840311388_301417\"><span id=\"yiv1398477446yui_3_16_0_ym19_1_1520840311388_301419\" style=\"color: #5b8828;\"><strong>In diesem Workshop geht es um die kraftvolle Energie des Lebensimpulses, um den lebendigen Raum und lebendige Bewegung. Wut tr\u00e4gt uns dorthin, wo Leben wieder flie\u00dfen kann, entsprechend unseren Bed\u00fcrfnissen und innerer Vision.<\/strong> <\/span><br id=\"yiv1398477446yui_3_16_0_ym19_1_1520840311388_301420\"><\/span><\/div>\n<div id=\"yiv1398477446yui_3_16_0_ym19_1_1520840311388_301421\" dir=\"ltr\"><span id=\"yiv1398477446yui_3_16_0_ym19_1_1520840311388_301422\">Das Symbol dieser Qualit\u00e4t ist der Baum.<\/span><\/div>\n<div dir=\"ltr\">\n<p><img loading=\"lazy\" decoding=\"async\" class=\"alignnone wp-image-471 size-full\" src=\"http:\/\/www.atemundkoerper.com\/wp-content\/uploads\/2018\/03\/Baum2.jpg\" alt=\"Holz Fr\u00fchling TCM\" width=\"283\" height=\"213\"><\/p>\n<\/div>\n<div dir=\"ltr\"><\/div>\n","protected":false},"excerpt":{"rendered":"<p>Endlich&#8230;&#8230;&#8230;.der Fr\u00fchling h\u00e4lt Einzug und alles beginnt zu sprie\u00dfen. Diese aufstrebende Energie des kleinen Yang findet im K\u00f6rper in der Leber und in der Gallenblase ihre gr\u00f6\u00dfte Verdichtung. Sie braucht Raum, Bewegung und kreativen Ausdruck. Die Holzphase initiiert einen neuen Lebenszyklus und steht f\u00fcr den Neubeginn. Das Potential des Lebens beginnt sich zu entfalten, alles &hellip; <\/p>\n<p class=\"link-more\"><a href=\"http:\/\/www.atemundkoerper.com\/?page_id=469\" class=\"more-link\"><span class=\"screen-reader-text\">\u201eHolz &#8211; Fr\u00fchling\u201c<\/span> weiterlesen<\/a><\/p>\n","protected":false},"author":1,"featured_media":0,"parent":0,"menu_order":0,"comment_status":"closed","ping_status":"closed","template":"","meta":{"footnotes":""},"class_list":["post-469","page","type-page","status-publish","hentry"],"jetpack_sharing_enabled":true,"_links":{"self":[{"href":"http:\/\/www.atemundkoerper.com\/index.php?rest_route=\/wp\/v2\/pages\/469","targetHints":{"allow":["GET"]}}],"collection":[{"href":"http:\/\/www.atemundkoerper.com\/index.php?rest_route=\/wp\/v2\/pages"}],"about":[{"href":"http:\/\/www.atemundkoerper.com\/index.php?rest_route=\/wp\/v2\/types\/page"}],"author":[{"embeddable":true,"href":"http:\/\/www.atemundkoerper.com\/index.php?rest_route=\/wp\/v2\/users\/1"}],"replies":[{"embeddable":true,"href":"http:\/\/www.atemundkoerper.com\/index.php?rest_route=%2Fwp%2Fv2%2Fcomments&post=469"}],"version-history":[{"count":8,"href":"http:\/\/www.atemundkoerper.com\/index.php?rest_route=\/wp\/v2\/pages\/469\/revisions"}],"predecessor-version":[{"id":581,"href":"http:\/\/www.atemundkoerper.com\/index.php?rest_route=\/wp\/v2\/pages\/469\/revisions\/581"}],"wp:attachment":[{"href":"http:\/\/www.atemundkoerper.com\/index.php?rest_route=%2Fwp%2Fv2%2Fmedia&parent=469"}],"curies":[{"name":"wp","href":"https:\/\/api.w.org\/{rel}","templated":true}]}}