{"id":34,"date":"2016-06-11T12:36:40","date_gmt":"2016-06-11T10:36:40","guid":{"rendered":"http:\/\/www.atemundkoerper.com\/?page_id=34"},"modified":"2019-04-30T12:13:15","modified_gmt":"2019-04-30T10:13:15","slug":"meditation","status":"publish","type":"page","link":"http:\/\/www.atemundkoerper.com\/?page_id=34","title":{"rendered":"Meditation"},"content":{"rendered":"<p style=\"text-align: left;\"><span style=\"color: #1c6470;\"><img loading=\"lazy\" decoding=\"async\" class=\"size-full wp-image-291 alignright\" src=\"http:\/\/www.atemundkoerper.com\/wp-content\/uploads\/2016\/06\/mit-baum-2.jpg\" alt=\"Meditation\" width=\"343\" height=\"217\" srcset=\"http:\/\/www.atemundkoerper.com\/wp-content\/uploads\/2016\/06\/mit-baum-2.jpg 343w, http:\/\/www.atemundkoerper.com\/wp-content\/uploads\/2016\/06\/mit-baum-2-300x190.jpg 300w\" sizes=\"auto, (max-width: 343px) 100vw, 343px\" \/><\/span>Es gibt viele Arten der Meditation und M\u00f6glichkeiten seine Aufmerksamkeit und seinen Geist zu trainieren. Egal welche Form Sie w\u00e4hlen, in Bewegung, mit Musik, in Stille, mit Mantren, Sutren, Gebeten oder getragen von der Schwingung eines <a href=\"http:\/\/www.atemundkoerper.com\/?page_id=66\" rel=\"noopener noreferrer\">Gongs<\/a>. Wichtig ist von der \u00e4u\u00dferen Welt der Erscheinungen und deren Interpretation von Seiten unseres Verstandes zur\u00fcck zu treten. Mit der Zeit entsteht ein tiefer Kontakt mit unserem inneren Wesen, das die Qualit\u00e4ten wie Urvertrauen, Gelassenheit und Lebensfreude in sich tr\u00e4gt. Das Erleben der \u00e4u\u00dferen Welt erscheint in einem neuen Licht und erm\u00f6glicht neue Blickwinkel. Einblicke in einen tieferen Zusammenhang unserer Existenz sind m\u00f6glich.<\/p>\n<p><span style=\"color: #800000;\"><strong>F\u00fcr weitere Informationen: biancaenergy@yahoo.de\u00a0 +43 660 5537137<\/strong><\/span><strong><span style=\"color: #1c6470;\"><br \/>\n<\/span><\/strong><\/p>\n","protected":false},"excerpt":{"rendered":"<p>Es gibt viele Arten der Meditation und M\u00f6glichkeiten seine Aufmerksamkeit und seinen Geist zu trainieren. Egal welche Form Sie w\u00e4hlen, in Bewegung, mit Musik, in Stille, mit Mantren, Sutren, Gebeten oder getragen von der Schwingung eines Gongs. Wichtig ist von der \u00e4u\u00dferen Welt der Erscheinungen und deren Interpretation von Seiten unseres Verstandes zur\u00fcck zu treten. &hellip; <\/p>\n<p class=\"link-more\"><a href=\"http:\/\/www.atemundkoerper.com\/?page_id=34\" class=\"more-link\"><span class=\"screen-reader-text\">\u201eMeditation\u201c<\/span> weiterlesen<\/a><\/p>\n","protected":false},"author":1,"featured_media":0,"parent":0,"menu_order":0,"comment_status":"closed","ping_status":"closed","template":"showcase.php","meta":{"footnotes":""},"class_list":["post-34","page","type-page","status-publish","hentry"],"jetpack_sharing_enabled":true,"_links":{"self":[{"href":"http:\/\/www.atemundkoerper.com\/index.php?rest_route=\/wp\/v2\/pages\/34","targetHints":{"allow":["GET"]}}],"collection":[{"href":"http:\/\/www.atemundkoerper.com\/index.php?rest_route=\/wp\/v2\/pages"}],"about":[{"href":"http:\/\/www.atemundkoerper.com\/index.php?rest_route=\/wp\/v2\/types\/page"}],"author":[{"embeddable":true,"href":"http:\/\/www.atemundkoerper.com\/index.php?rest_route=\/wp\/v2\/users\/1"}],"replies":[{"embeddable":true,"href":"http:\/\/www.atemundkoerper.com\/index.php?rest_route=%2Fwp%2Fv2%2Fcomments&post=34"}],"version-history":[{"count":35,"href":"http:\/\/www.atemundkoerper.com\/index.php?rest_route=\/wp\/v2\/pages\/34\/revisions"}],"predecessor-version":[{"id":557,"href":"http:\/\/www.atemundkoerper.com\/index.php?rest_route=\/wp\/v2\/pages\/34\/revisions\/557"}],"wp:attachment":[{"href":"http:\/\/www.atemundkoerper.com\/index.php?rest_route=%2Fwp%2Fv2%2Fmedia&parent=34"}],"curies":[{"name":"wp","href":"https:\/\/api.w.org\/{rel}","templated":true}]}}