{"id":336,"date":"2017-10-11T15:43:19","date_gmt":"2017-10-11T13:43:19","guid":{"rendered":"http:\/\/www.atemundkoerper.com\/?page_id=336"},"modified":"2019-05-04T14:45:35","modified_gmt":"2019-05-04T12:45:35","slug":"workshops-2","status":"publish","type":"page","link":"http:\/\/www.atemundkoerper.com\/?page_id=336","title":{"rendered":"Workshops"},"content":{"rendered":"<p><span style=\"color: #800000;\"><strong>Im Gleichgewicht der Wandlungsphasen nach TCM<img loading=\"lazy\" decoding=\"async\" class=\"alignright wp-image-441 size-medium\" src=\"http:\/\/www.atemundkoerper.com\/wp-content\/uploads\/2018\/01\/elemente2-300x300.jpg\" alt=\"Chinesische Medizin TCM Elemente Seminare\" width=\"300\" height=\"300\" srcset=\"http:\/\/www.atemundkoerper.com\/wp-content\/uploads\/2018\/01\/elemente2-300x300.jpg 300w, http:\/\/www.atemundkoerper.com\/wp-content\/uploads\/2018\/01\/elemente2-150x150.jpg 150w, http:\/\/www.atemundkoerper.com\/wp-content\/uploads\/2018\/01\/elemente2.jpg 343w\" sizes=\"auto, (max-width: 300px) 100vw, 300px\" \/><br \/>\n<\/strong><\/span>Die 5 Elemente der chinesischen Medizin sind Kr\u00e4fte des Kosmos, die aus Yin und Yang hervorgehen. Ihre Wirkung liegt allen manifesten Erscheinungen zugrunde.<br \/>\nIn allen Naturerscheinungen, Jahreszeiten und im Menschen sind diese Energiequalit\u00e4ten sp\u00fcrbar und von Bedeutung. Sind diese 5 Kr\u00e4fte im Gleichgewicht, ist der Mensch in Harmonie und erf\u00e4hrt emotionales k\u00f6rperliches Wohlbefinden.<br \/>\nJede der 5 Energiebewegungen, die aus der kosmischen Expansion und Kontraktion hervorgeht, findet im jeweiligen Organkreislauf mit dazugeh\u00f6rigem Gewebe und Funktionen seine gr\u00f6\u00dfte Verdichtung. Ebenso manifestiert sich auf der Ebene der Gef\u00fchle die jeweilige Entsprechung. Sowohl bewusste als auch unbewusste Gef\u00fchle und Gedanken beeinflussen unsere K\u00f6rperzellen.<span style=\"color: #056380;\"><br \/>\n<\/span><\/p>\n<p>Mittels dem verbundenen Atem, K\u00f6rperarbeit, Meditation und diversen M\u00f6glichkeiten der Innenschau l\u00f6sen wir Unstimmigkeiten, die zu k\u00f6rperlichen oder emotionalen Befindlichkeitsst\u00f6rungen f\u00fchren k\u00f6nnen. Wir st\u00e4rken unsere energetische Ebene und fokusieren die Kraft unserer Ressourcen.<span style=\"color: #056380;\"><br \/>\n<\/span><\/p>\n<p style=\"text-align: left;\"><span style=\"color: #800000;\"><strong>Unsere N\u00e4chsten Workshops:<\/strong><\/span><strong><span style=\"color: #993300;\"><span style=\"color: #808080;\">\u00a0<\/span><br \/>\n<\/span><\/strong><br \/>\n<span style=\"color: #333333;\"><a href=\"http:\/\/www.atemundkoerper.com\/?page_id=469\" target=\"_blank\" rel=\"noopener noreferrer\"> <img loading=\"lazy\" decoding=\"async\" class=\"alignnone size-full wp-image-436\" src=\"http:\/\/www.atemundkoerper.com\/wp-content\/uploads\/2018\/01\/holz-neu-2.jpg\" alt=\"\" width=\"130\" height=\"130\" \/><\/a><span style=\"color: #375c27;\"><strong><a href=\"http:\/\/www.atemundkoerper.com\/?page_id=469\">Holz &#8211; Fr\u00fchling<\/a><br \/>\n<\/strong><\/span>Leber &#8211; Gallenblase, Neubeginn, Expansion, Wut,\u00a0Kreativit\u00e4t und Vision<\/span><\/p>\n<p><span style=\"color: #333333;\"> <img loading=\"lazy\" decoding=\"async\" class=\"alignnone size-full wp-image-424\" src=\"http:\/\/www.atemundkoerper.com\/wp-content\/uploads\/2018\/01\/Feuer2.jpg\" alt=\"\" width=\"130\" height=\"130\" \/><span style=\"color: #c93318;\"><strong><a href=\"http:\/\/www.atemundkoerper.com\/?page_id=586\">Feuer &#8211; Sommer<\/a><br \/>\n<\/strong><\/span>Herz &#8211; D\u00fcnndarm, Freude, Selbstliebe, Transformation, Wollen und Bewu\u00dftheit<\/span><\/p>\n<p><span style=\"color: #333333;\"> <img loading=\"lazy\" decoding=\"async\" class=\"alignnone size-full wp-image-431\" src=\"http:\/\/www.atemundkoerper.com\/wp-content\/uploads\/2018\/01\/Erde-neu2.jpg\" alt=\"\" width=\"130\" height=\"130\" \/><span style=\"color: #8c4912;\"><strong>Erde &#8211; Sp\u00e4tsommer<br \/>\n<\/strong><\/span>Milz &#8211; Magen, Ausgleich, F\u00fclle, Mutter, Urvertrauen und Mitgef\u00fchl<\/span><\/p>\n<p><span style=\"color: #333333;\"><strong> <img loading=\"lazy\" decoding=\"async\" class=\"alignnone size-full wp-image-430\" src=\"http:\/\/www.atemundkoerper.com\/wp-content\/uploads\/2018\/01\/metall-neu2.jpg\" alt=\"\" width=\"130\" height=\"130\" \/><\/strong><strong>Metall &#8211; Herbst<br \/>\n<\/strong>Lunge &#8211; Dickdarm, Immunsystem, Vater, Grenzen, Struktur, Ideal und Ber\u00fchrbarkeit<\/span><\/p>\n<p><span style=\"color: #333333;\"><strong> <img loading=\"lazy\" decoding=\"async\" class=\"alignnone size-full wp-image-429\" src=\"http:\/\/www.atemundkoerper.com\/wp-content\/uploads\/2018\/01\/Wasser-neu2.jpg\" alt=\"\" width=\"130\" height=\"130\" \/><\/strong><span style=\"color: #003366;\"><strong>Wasser &#8211; Winter<\/strong><strong><br \/>\n<\/strong><\/span>Nieren &#8211; Blase, Angst, Trauer, Loslassen, Hingabe, Stille und Essenz\u00a0<strong> \u00a0<\/strong><\/span><\/p>\n<p><span style=\"color: #333333;\"><strong><img loading=\"lazy\" decoding=\"async\" class=\"alignnone size-full wp-image-569\" src=\"http:\/\/www.atemundkoerper.com\/wp-content\/uploads\/2019\/05\/Gartenraum.jpg\" alt=\"\" width=\"700\" height=\"228\" srcset=\"http:\/\/www.atemundkoerper.com\/wp-content\/uploads\/2019\/05\/Gartenraum.jpg 700w, http:\/\/www.atemundkoerper.com\/wp-content\/uploads\/2019\/05\/Gartenraum-300x98.jpg 300w\" sizes=\"auto, (max-width: 700px) 100vw, 700px\" \/> <\/strong><\/span><\/p>\n<p><strong><span style=\"color: #0c657d;\">F\u00fcr weitere Informationen: biancaenergy@yahoo.de Tel.: 0660\/5537137<\/span><\/strong><!--more--><!--more--><\/p>\n","protected":false},"excerpt":{"rendered":"<p>Im Gleichgewicht der Wandlungsphasen nach TCM Die 5 Elemente der chinesischen Medizin sind Kr\u00e4fte des Kosmos, die aus Yin und Yang hervorgehen. Ihre Wirkung liegt allen manifesten Erscheinungen zugrunde. In allen Naturerscheinungen, Jahreszeiten und im Menschen sind diese Energiequalit\u00e4ten sp\u00fcrbar und von Bedeutung. Sind diese 5 Kr\u00e4fte im Gleichgewicht, ist der Mensch in Harmonie und &hellip; <\/p>\n<p class=\"link-more\"><a href=\"http:\/\/www.atemundkoerper.com\/?page_id=336\" class=\"more-link\"><span class=\"screen-reader-text\">\u201eWorkshops\u201c<\/span> weiterlesen<\/a><\/p>\n","protected":false},"author":1,"featured_media":0,"parent":0,"menu_order":0,"comment_status":"closed","ping_status":"closed","template":"showcase.php","meta":{"footnotes":""},"class_list":["post-336","page","type-page","status-publish","hentry"],"jetpack_sharing_enabled":true,"_links":{"self":[{"href":"http:\/\/www.atemundkoerper.com\/index.php?rest_route=\/wp\/v2\/pages\/336","targetHints":{"allow":["GET"]}}],"collection":[{"href":"http:\/\/www.atemundkoerper.com\/index.php?rest_route=\/wp\/v2\/pages"}],"about":[{"href":"http:\/\/www.atemundkoerper.com\/index.php?rest_route=\/wp\/v2\/types\/page"}],"author":[{"embeddable":true,"href":"http:\/\/www.atemundkoerper.com\/index.php?rest_route=\/wp\/v2\/users\/1"}],"replies":[{"embeddable":true,"href":"http:\/\/www.atemundkoerper.com\/index.php?rest_route=%2Fwp%2Fv2%2Fcomments&post=336"}],"version-history":[{"count":69,"href":"http:\/\/www.atemundkoerper.com\/index.php?rest_route=\/wp\/v2\/pages\/336\/revisions"}],"predecessor-version":[{"id":589,"href":"http:\/\/www.atemundkoerper.com\/index.php?rest_route=\/wp\/v2\/pages\/336\/revisions\/589"}],"wp:attachment":[{"href":"http:\/\/www.atemundkoerper.com\/index.php?rest_route=%2Fwp%2Fv2%2Fmedia&parent=336"}],"curies":[{"name":"wp","href":"https:\/\/api.w.org\/{rel}","templated":true}]}}