{"id":30,"date":"2016-06-11T12:29:52","date_gmt":"2016-06-11T10:29:52","guid":{"rendered":"http:\/\/www.atemundkoerper.com\/?page_id=30"},"modified":"2019-05-04T14:03:25","modified_gmt":"2019-05-04T12:03:25","slug":"systemische-dynamiken","status":"publish","type":"page","link":"http:\/\/www.atemundkoerper.com\/?page_id=30","title":{"rendered":"Systemische Dynamiken"},"content":{"rendered":"<p><span style=\"color: #1c6470;\"><img loading=\"lazy\" decoding=\"async\" class=\"alignright wp-image-157 size-full\" src=\"http:\/\/www.atemundkoerper.com\/wp-content\/uploads\/2016\/07\/system.jpg\" alt=\"Systemische Therapie Familienaufstellungen\" width=\"343\" height=\"217\" srcset=\"http:\/\/www.atemundkoerper.com\/wp-content\/uploads\/2016\/07\/system.jpg 343w, http:\/\/www.atemundkoerper.com\/wp-content\/uploads\/2016\/07\/system-300x190.jpg 300w\" sizes=\"auto, (max-width: 343px) 100vw, 343px\" \/>S\u00e4mtliche Systeme, wie Familie, Organisationen oder Betriebe funktionieren nach ihren eigenen Gesetzm\u00e4\u00dfigkeiten, die die Beziehungen und die die dazu geh\u00f6ren beeinflussen. Mit Aufstellungen werden diese unbewussten Dynamiken sichtbar und bekommen neue Impulse. <br \/>Heilbringende Bewegungen im System k\u00f6nnen sich entfalten und Verstrickungen mit dem Familienschicksal l\u00f6sen. <\/span><span style=\"color: #1c6470;\">Eine neue Ordnung, die ein K\u00f6rpersymptom oder Problem<br \/>\u00fcberfl\u00fcssig <\/span><span style=\"color: #1c6470;\">macht, kann entstehen. Auch im Einzelgespr\u00e4ch mit Platzhaltern werden Dynamiken sichtbar und kommen in Bewegung.<br \/><\/span><\/p>\n<p><span style=\"color: #8a0e06;\"><strong>Einsichten erm\u00f6glichen L\u00f6sungen bei:<\/strong><\/span><br \/><span style=\"color: #1c6470;\"> * K\u00f6rpersymptomen, Sucht<\/span><br \/><span style=\"color: #1c6470;\"> * Beziehungs- und Familienthemen<\/span><br \/><span style=\"color: #1c6470;\"> * Verhaltensauff\u00e4lligkeiten von Kindern<\/span><br \/><span style=\"color: #1c6470;\"> * Problemstellungen in Beruf und Verwirklichung<\/span><br \/><span style=\"color: #1c6470;\"> * Emotionale Befindlichkeitsst\u00f6rungen<\/span><\/p>\n<p><span style=\"color: #8a0e06;\">Im Einzelsgespr\u00e4ch arbeite ich mit Platzhaltern<strong><br \/>Unsere n\u00e4chsten Termine f\u00fcr Gruppen erfahren sie auf Anfrage<br \/><\/strong><\/span><strong><span style=\"color: #1c6470;\"><br \/>F\u00fcr weitere Informationen: biancaenergy@yahoo.de\u00a0 +43 660 5537137<\/span><\/strong><\/p>\n\n\n<p><\/p>\n","protected":false},"excerpt":{"rendered":"<p>S\u00e4mtliche Systeme, wie Familie, Organisationen oder Betriebe funktionieren nach ihren eigenen Gesetzm\u00e4\u00dfigkeiten, die die Beziehungen und die die dazu geh\u00f6ren beeinflussen. Mit Aufstellungen werden diese unbewussten Dynamiken sichtbar und bekommen neue Impulse. Heilbringende Bewegungen im System k\u00f6nnen sich entfalten und Verstrickungen mit dem Familienschicksal l\u00f6sen. Eine neue Ordnung, die ein K\u00f6rpersymptom oder Problem\u00fcberfl\u00fcssig macht, kann &hellip; <\/p>\n<p class=\"link-more\"><a href=\"http:\/\/www.atemundkoerper.com\/?page_id=30\" class=\"more-link\"><span class=\"screen-reader-text\">\u201eSystemische Dynamiken\u201c<\/span> weiterlesen<\/a><\/p>\n","protected":false},"author":1,"featured_media":0,"parent":0,"menu_order":0,"comment_status":"closed","ping_status":"closed","template":"showcase.php","meta":{"footnotes":""},"class_list":["post-30","page","type-page","status-publish","hentry"],"jetpack_sharing_enabled":true,"_links":{"self":[{"href":"http:\/\/www.atemundkoerper.com\/index.php?rest_route=\/wp\/v2\/pages\/30","targetHints":{"allow":["GET"]}}],"collection":[{"href":"http:\/\/www.atemundkoerper.com\/index.php?rest_route=\/wp\/v2\/pages"}],"about":[{"href":"http:\/\/www.atemundkoerper.com\/index.php?rest_route=\/wp\/v2\/types\/page"}],"author":[{"embeddable":true,"href":"http:\/\/www.atemundkoerper.com\/index.php?rest_route=\/wp\/v2\/users\/1"}],"replies":[{"embeddable":true,"href":"http:\/\/www.atemundkoerper.com\/index.php?rest_route=%2Fwp%2Fv2%2Fcomments&post=30"}],"version-history":[{"count":61,"href":"http:\/\/www.atemundkoerper.com\/index.php?rest_route=\/wp\/v2\/pages\/30\/revisions"}],"predecessor-version":[{"id":576,"href":"http:\/\/www.atemundkoerper.com\/index.php?rest_route=\/wp\/v2\/pages\/30\/revisions\/576"}],"wp:attachment":[{"href":"http:\/\/www.atemundkoerper.com\/index.php?rest_route=%2Fwp%2Fv2%2Fmedia&parent=30"}],"curies":[{"name":"wp","href":"https:\/\/api.w.org\/{rel}","templated":true}]}}